{"id":2284,"date":"2024-01-19T09:18:23","date_gmt":"2024-01-19T09:18:23","guid":{"rendered":"https:\/\/michal.mizera.pl\/?page_id=2284"},"modified":"2024-01-19T09:32:27","modified_gmt":"2024-01-19T09:32:27","slug":"waga","status":"publish","type":"page","link":"https:\/\/michal.mizera.pl\/index.php\/waga\/","title":{"rendered":"Waga"},"content":{"rendered":"<div class=\"ykuk-display-block ykuk-alert-primary \" ykuk-alert>\n\t\t                <a class=\"ykuk-alert-close\"  data-notification-id=\"0\"><\/a>\n\t\t                Musisz by\u0107 zalogowany, aby zarejestrowa\u0107 swoj\u0105 wag\u0119. <a class=\"ws-ls-login-link\" href=\"https:\/\/michal.mizera.pl\/wp-login.php?redirect_to=https%3A%2F%2Fmichal.mizera.pl%2Findex.php%2Fwaga%2F\">Login<\/a>.\n\t\t\t\t\t<\/div><\/div>\n","protected":false},"excerpt":{"rendered":"","protected":false},"author":1,"featured_media":0,"parent":0,"menu_order":0,"comment_status":"closed","ping_status":"closed","template":"","meta":{"ngg_post_thumbnail":0,"footnotes":""},"class_list":["post-2284","page","type-page","status-publish","hentry"],"_links":{"self":[{"href":"https:\/\/michal.mizera.pl\/index.php\/wp-json\/wp\/v2\/pages\/2284","targetHints":{"allow":["GET"]}}],"collection":[{"href":"https:\/\/michal.mizera.pl\/index.php\/wp-json\/wp\/v2\/pages"}],"about":[{"href":"https:\/\/michal.mizera.pl\/index.php\/wp-json\/wp\/v2\/types\/page"}],"author":[{"embeddable":true,"href":"https:\/\/michal.mizera.pl\/index.php\/wp-json\/wp\/v2\/users\/1"}],"replies":[{"embeddable":true,"href":"https:\/\/michal.mizera.pl\/index.php\/wp-json\/wp\/v2\/comments?post=2284"}],"version-history":[{"count":3,"href":"https:\/\/michal.mizera.pl\/index.php\/wp-json\/wp\/v2\/pages\/2284\/revisions"}],"predecessor-version":[{"id":2303,"href":"https:\/\/michal.mizera.pl\/index.php\/wp-json\/wp\/v2\/pages\/2284\/revisions\/2303"}],"wp:attachment":[{"href":"https:\/\/michal.mizera.pl\/index.php\/wp-json\/wp\/v2\/media?parent=2284"}],"curies":[{"name":"wp","href":"https:\/\/api.w.org\/{rel}","templated":true}]}}