{"id":1418,"date":"2018-04-03T06:01:16","date_gmt":"2018-04-03T06:01:16","guid":{"rendered":"http:\/\/michal.mizera.pl\/?page_id=1418"},"modified":"2023-04-12T08:17:31","modified_gmt":"2023-04-12T08:17:31","slug":"kartki-swiateczne","status":"publish","type":"page","link":"https:\/\/michal.mizera.pl\/index.php\/kartki-swiateczne\/","title":{"rendered":"Kartki \u015awi\u0105teczne"},"content":{"rendered":"<p>Poni\u017csze kartki przygotowa\u0142em w\u0142asnor\u0119cznie. Mo\u017cecie ich u\u017cywa\u0107 do woli, modyfikowa\u0107, dodawa\u0107 w\u0142asne napisy.<\/p>\r\n<p>Sukcesywnie wraz z kolejnymi \u015bwi\u0119tami b\u0119d\u0105 si\u0119 pojawia\u0142y nowe edycje, z czasem licz\u0119 na to \u017ce troch\u0119 si\u0119 ich nazbiera.<\/p>\r\n<p style=\"text-align: center;\"><em>Wielkanoc<\/em><\/p>\r\n<div id='gallery-1' class='gallery galleryid-1418 gallery-columns-3 gallery-size-thumbnail'><figure class='gallery-item'>\n\t\t\t<div class='gallery-icon portrait'>\n\t\t\t\t<a href='https:\/\/michal.mizera.pl\/wp-content\/uploads\/2018\/04\/FB_IMG_1522427985293.jpg'><img loading=\"lazy\" decoding=\"async\" width=\"150\" height=\"150\" src=\"https:\/\/michal.mizera.pl\/wp-content\/uploads\/2018\/04\/FB_IMG_1522427985293-150x150.jpg\" class=\"attachment-thumbnail size-thumbnail\" alt=\"\" aria-describedby=\"gallery-1-1419\" \/><\/a>\n\t\t\t<\/div>\n\t\t\t\t<figcaption class='wp-caption-text gallery-caption' id='gallery-1-1419'>\n\t\t\t\tWielkanocna kartka B&#038;W\n\t\t\t\t<\/figcaption><\/figure><figure class='gallery-item'>\n\t\t\t<div class='gallery-icon portrait'>\n\t\t\t\t<a href='https:\/\/michal.mizera.pl\/wp-content\/uploads\/2018\/04\/received_208345563268072.jpeg'><img loading=\"lazy\" decoding=\"async\" width=\"150\" height=\"150\" src=\"https:\/\/michal.mizera.pl\/wp-content\/uploads\/2018\/04\/received_208345563268072-150x150.jpeg\" class=\"attachment-thumbnail size-thumbnail\" alt=\"\" aria-describedby=\"gallery-1-1420\" \/><\/a>\n\t\t\t<\/div>\n\t\t\t\t<figcaption class='wp-caption-text gallery-caption' id='gallery-1-1420'>\n\t\t\t\tWielkanocna kartka Color\n\t\t\t\t<\/figcaption><\/figure><figure class='gallery-item'>\n\t\t\t<div class='gallery-icon landscape'>\n\t\t\t\t<a href='https:\/\/michal.mizera.pl\/wp-content\/uploads\/2020\/04\/IMG_20200411_101654-scaled.jpg'><img loading=\"lazy\" decoding=\"async\" width=\"150\" height=\"150\" src=\"https:\/\/michal.mizera.pl\/wp-content\/uploads\/2020\/04\/IMG_20200411_101654-150x150.jpg\" class=\"attachment-thumbnail size-thumbnail\" alt=\"\" \/><\/a>\n\t\t\t<\/div><\/figure><figure class='gallery-item'>\n\t\t\t<div class='gallery-icon landscape'>\n\t\t\t\t<a href='https:\/\/michal.mizera.pl\/wp-content\/uploads\/2020\/04\/IMG_20200411_102057-scaled.jpg'><img loading=\"lazy\" decoding=\"async\" width=\"150\" height=\"150\" src=\"https:\/\/michal.mizera.pl\/wp-content\/uploads\/2020\/04\/IMG_20200411_102057-150x150.jpg\" class=\"attachment-thumbnail size-thumbnail\" alt=\"\" \/><\/a>\n\t\t\t<\/div><\/figure><figure class='gallery-item'>\n\t\t\t<div class='gallery-icon portrait'>\n\t\t\t\t<a href='https:\/\/michal.mizera.pl\/wp-content\/uploads\/2021\/04\/IMG_20210403_165332-scaled.jpg'><img loading=\"lazy\" decoding=\"async\" width=\"150\" height=\"150\" src=\"https:\/\/michal.mizera.pl\/wp-content\/uploads\/2021\/04\/IMG_20210403_165332-150x150.jpg\" class=\"attachment-thumbnail size-thumbnail\" alt=\"\" \/><\/a>\n\t\t\t<\/div><\/figure><figure class='gallery-item'>\n\t\t\t<div class='gallery-icon portrait'>\n\t\t\t\t<a href='https:\/\/michal.mizera.pl\/wp-content\/uploads\/2023\/04\/wielknoc-2023.jpg'><img loading=\"lazy\" decoding=\"async\" width=\"150\" height=\"150\" src=\"https:\/\/michal.mizera.pl\/wp-content\/uploads\/2023\/04\/wielknoc-2023-150x150.jpg\" class=\"attachment-thumbnail size-thumbnail\" alt=\"\" \/><\/a>\n\t\t\t<\/div><\/figure>\n\t\t<\/div>\n\r\n\r\n<p class=\"has-text-align-center\"><em>Bo\u017ce Narodzenie <\/em><\/p>\r\n\r\n\r\n\r\n<figure class=\"wp-block-gallery columns-1 is-cropped wp-block-gallery-1 is-layout-flex wp-block-gallery-is-layout-flex\">\r\n<ul class=\"blocks-gallery-grid\">\r\n<li class=\"blocks-gallery-item\">\r\n<figure><img loading=\"lazy\" decoding=\"async\" width=\"674\" height=\"1024\" class=\"wp-image-1826\" src=\"http:\/\/michal.mizera.pl\/wp-content\/uploads\/2018\/12\/kartka1-2-674x1024.jpg\" alt=\"\" data-id=\"1826\" data-link=\"http:\/\/michal.mizera.pl\/index.php\/kartki-swiateczne\/kartka1-2\/\" srcset=\"https:\/\/michal.mizera.pl\/wp-content\/uploads\/2018\/12\/kartka1-2-674x1024.jpg 674w, https:\/\/michal.mizera.pl\/wp-content\/uploads\/2018\/12\/kartka1-2-197x300.jpg 197w, https:\/\/michal.mizera.pl\/wp-content\/uploads\/2018\/12\/kartka1-2-768x1167.jpg 768w, https:\/\/michal.mizera.pl\/wp-content\/uploads\/2018\/12\/kartka1-2.jpg 1421w\" sizes=\"auto, (max-width: 674px) 100vw, 674px\" \/><\/figure>\r\n<\/li>\r\n<\/ul>\r\n<\/figure>\r\n\r\n\r\n\r\n<p>&nbsp;<\/p>\r\n","protected":false},"excerpt":{"rendered":"<p>Poni\u017csze kartki przygotowa\u0142em w\u0142asnor\u0119cznie. Mo\u017cecie ich u\u017cywa\u0107 do woli, modyfikowa\u0107, dodawa\u0107 w\u0142asne napisy. Sukcesywnie wraz z kolejnymi \u015bwi\u0119tami b\u0119d\u0105 si\u0119 pojawia\u0142y nowe edycje, z czasem licz\u0119 na to \u017ce troch\u0119 si\u0119 ich nazbiera. Wielkanoc Bo\u017ce Narodzenie &nbsp;<\/p>\n","protected":false},"author":1,"featured_media":0,"parent":0,"menu_order":0,"comment_status":"closed","ping_status":"closed","template":"","meta":{"ngg_post_thumbnail":0,"footnotes":""},"class_list":["post-1418","page","type-page","status-publish","hentry"],"_links":{"self":[{"href":"https:\/\/michal.mizera.pl\/index.php\/wp-json\/wp\/v2\/pages\/1418","targetHints":{"allow":["GET"]}}],"collection":[{"href":"https:\/\/michal.mizera.pl\/index.php\/wp-json\/wp\/v2\/pages"}],"about":[{"href":"https:\/\/michal.mizera.pl\/index.php\/wp-json\/wp\/v2\/types\/page"}],"author":[{"embeddable":true,"href":"https:\/\/michal.mizera.pl\/index.php\/wp-json\/wp\/v2\/users\/1"}],"replies":[{"embeddable":true,"href":"https:\/\/michal.mizera.pl\/index.php\/wp-json\/wp\/v2\/comments?post=1418"}],"version-history":[{"count":11,"href":"https:\/\/michal.mizera.pl\/index.php\/wp-json\/wp\/v2\/pages\/1418\/revisions"}],"predecessor-version":[{"id":2272,"href":"https:\/\/michal.mizera.pl\/index.php\/wp-json\/wp\/v2\/pages\/1418\/revisions\/2272"}],"wp:attachment":[{"href":"https:\/\/michal.mizera.pl\/index.php\/wp-json\/wp\/v2\/media?parent=1418"}],"curies":[{"name":"wp","href":"https:\/\/api.w.org\/{rel}","templated":true}]}}